{"id":818,"date":"2020-06-04T13:32:43","date_gmt":"2020-06-04T13:32:43","guid":{"rendered":"http:\/\/zugowski.de\/?page_id=818"},"modified":"2023-01-30T07:48:04","modified_gmt":"2023-01-30T07:48:04","slug":"datenschutz","status":"publish","type":"page","link":"https:\/\/zugowski.de\/?page_id=818","title":{"rendered":"DATENSCHUTZ"},"content":{"rendered":"\n<style type=\"text\/css\" data-created_by=\"avia_inline_auto\" id=\"style-css-av-k9snv9f9-1037e1a667bb03da6006724be17898f6\">\n.av-horizontal-gallery.av-k9snv9f9-1037e1a667bb03da6006724be17898f6 .av-horizontal-gallery-inner{\npadding-bottom:15%;\n}\n<\/style>\n<div  class='av-horizontal-gallery av-k9snv9f9-1037e1a667bb03da6006724be17898f6 av-horizontal-gallery-no-gap av-horizontal-gallery--effect  avia-builder-el-0  el_before_av_layout_row  avia-builder-el-first  av-slideshow-ui av-control-hidden av-no-slider-navigation av-hide-nav-arrows av-slideshow-manual av-loop-once av-loop-manual-endless av-horizontal-gallery-1' data-slideshow-data=\"{&quot;animation&quot;:&quot;slide&quot;,&quot;autoplay&quot;:false,&quot;loop_autoplay&quot;:&quot;once&quot;,&quot;interval&quot;:5,&quot;loop_manual&quot;:&quot;manual-endless&quot;,&quot;autoplay_stopper&quot;:false,&quot;noNavigation&quot;:true,&quot;bg_slider&quot;:false,&quot;keep_padding&quot;:&quot;&quot;,&quot;hoverpause&quot;:false,&quot;show_slide_delay&quot;:0}\"  itemprop=\"image\" itemscope=\"itemscope\" itemtype=\"https:\/\/schema.org\/ImageObject\" ><div class='avia-slideshow-arrows avia-slideshow-controls' ><a href='#prev' class='prev-slide av-horizontal-gallery-prev' aria-hidden='true' data-av_icon='\ue87c' data-av_iconfont='entypo-fontello'  tabindex='-1'>Zur\u00fcck<\/a><a href='#next' class='next-slide av-horizontal-gallery-next' aria-hidden='true' data-av_icon='\ue87d' data-av_iconfont='entypo-fontello'  tabindex='-1'>Weiter<\/a><\/div><div class='avia-slideshow-dots avia-slideshow-controls av-horizontal-gallery-dots fade-in'><a href='#1' class='goto-slide active' >1<\/a><a href='#2' class='goto-slide ' >2<\/a><a href='#3' class='goto-slide ' >3<\/a><a href='#4' class='goto-slide ' >4<\/a><a href='#5' class='goto-slide ' >5<\/a><a href='#6' class='goto-slide ' >6<\/a><a href='#7' class='goto-slide ' >7<\/a><a href='#8' class='goto-slide ' >8<\/a><a href='#9' class='goto-slide ' >9<\/a><a href='#10' class='goto-slide ' >10<\/a><\/div><div class='av-horizontal-gallery-inner' data-av-height='15'><div class=\"av-horizontal-gallery-slider\"><div class=\"av-horizontal-gallery-wrap noHover\"><img loading=\"lazy\" decoding=\"async\" class='wp-image-119 avia-img-lazy-loading-119 av-horizontal-gallery-img' width=\"773\" height=\"1030\" src=\"https:\/\/zugowski.de\/wp-content\/uploads\/2020\/05\/01_IMG_3082-773x1030.jpg\" title='01_IMG_3082' alt='' srcset=\"https:\/\/zugowski.de\/wp-content\/uploads\/2020\/05\/01_IMG_3082-773x1030.jpg 773w, https:\/\/zugowski.de\/wp-content\/uploads\/2020\/05\/01_IMG_3082-225x300.jpg 225w, https:\/\/zugowski.de\/wp-content\/uploads\/2020\/05\/01_IMG_3082-768x1024.jpg 768w, https:\/\/zugowski.de\/wp-content\/uploads\/2020\/05\/01_IMG_3082-1152x1536.jpg 1152w, https:\/\/zugowski.de\/wp-content\/uploads\/2020\/05\/01_IMG_3082-1125x1500.jpg 1125w, https:\/\/zugowski.de\/wp-content\/uploads\/2020\/05\/01_IMG_3082-529x705.jpg 529w, https:\/\/zugowski.de\/wp-content\/uploads\/2020\/05\/01_IMG_3082-450x600.jpg 450w, https:\/\/zugowski.de\/wp-content\/uploads\/2020\/05\/01_IMG_3082.jpg 1512w\" sizes=\"auto, (max-width: 773px) 100vw, 773px\" \/><\/div><div class=\"av-horizontal-gallery-wrap noHover\"><img loading=\"lazy\" decoding=\"async\" class='wp-image-118 avia-img-lazy-loading-118 av-horizontal-gallery-img' width=\"773\" height=\"1030\" src=\"https:\/\/zugowski.de\/wp-content\/uploads\/2020\/05\/07_IMG_3086-773x1030.jpg\" title='07_IMG_3086' alt='' srcset=\"https:\/\/zugowski.de\/wp-content\/uploads\/2020\/05\/07_IMG_3086-773x1030.jpg 773w, https:\/\/zugowski.de\/wp-content\/uploads\/2020\/05\/07_IMG_3086-225x300.jpg 225w, https:\/\/zugowski.de\/wp-content\/uploads\/2020\/05\/07_IMG_3086-768x1024.jpg 768w, https:\/\/zugowski.de\/wp-content\/uploads\/2020\/05\/07_IMG_3086-1152x1536.jpg 1152w, https:\/\/zugowski.de\/wp-content\/uploads\/2020\/05\/07_IMG_3086-1125x1500.jpg 1125w, https:\/\/zugowski.de\/wp-content\/uploads\/2020\/05\/07_IMG_3086-529x705.jpg 529w, https:\/\/zugowski.de\/wp-content\/uploads\/2020\/05\/07_IMG_3086-450x600.jpg 450w, https:\/\/zugowski.de\/wp-content\/uploads\/2020\/05\/07_IMG_3086.jpg 1512w\" sizes=\"auto, (max-width: 773px) 100vw, 773px\" \/><\/div><div class=\"av-horizontal-gallery-wrap noHover\"><img loading=\"lazy\" decoding=\"async\" class='wp-image-113 avia-img-lazy-loading-113 av-horizontal-gallery-img' width=\"849\" height=\"1030\" src=\"https:\/\/zugowski.de\/wp-content\/uploads\/2020\/05\/13_IMG_3089-849x1030.jpg\" title='13_IMG_3089' alt='' srcset=\"https:\/\/zugowski.de\/wp-content\/uploads\/2020\/05\/13_IMG_3089-849x1030.jpg 849w, https:\/\/zugowski.de\/wp-content\/uploads\/2020\/05\/13_IMG_3089-247x300.jpg 247w, https:\/\/zugowski.de\/wp-content\/uploads\/2020\/05\/13_IMG_3089-768x932.jpg 768w, https:\/\/zugowski.de\/wp-content\/uploads\/2020\/05\/13_IMG_3089-1266x1536.jpg 1266w, https:\/\/zugowski.de\/wp-content\/uploads\/2020\/05\/13_IMG_3089-1236x1500.jpg 1236w, https:\/\/zugowski.de\/wp-content\/uploads\/2020\/05\/13_IMG_3089-581x705.jpg 581w, https:\/\/zugowski.de\/wp-content\/uploads\/2020\/05\/13_IMG_3089-450x546.jpg 450w, https:\/\/zugowski.de\/wp-content\/uploads\/2020\/05\/13_IMG_3089.jpg 1512w\" sizes=\"auto, (max-width: 849px) 100vw, 849px\" \/><\/div><div class=\"av-horizontal-gallery-wrap noHover\"><img loading=\"lazy\" decoding=\"async\" class='wp-image-120 avia-img-lazy-loading-120 av-horizontal-gallery-img' width=\"773\" height=\"1030\" src=\"https:\/\/zugowski.de\/wp-content\/uploads\/2020\/05\/03_IMG_3084-773x1030.jpg\" title='03_IMG_3084' alt='' srcset=\"https:\/\/zugowski.de\/wp-content\/uploads\/2020\/05\/03_IMG_3084-773x1030.jpg 773w, https:\/\/zugowski.de\/wp-content\/uploads\/2020\/05\/03_IMG_3084-225x300.jpg 225w, https:\/\/zugowski.de\/wp-content\/uploads\/2020\/05\/03_IMG_3084-768x1024.jpg 768w, https:\/\/zugowski.de\/wp-content\/uploads\/2020\/05\/03_IMG_3084-1152x1536.jpg 1152w, https:\/\/zugowski.de\/wp-content\/uploads\/2020\/05\/03_IMG_3084-1125x1500.jpg 1125w, https:\/\/zugowski.de\/wp-content\/uploads\/2020\/05\/03_IMG_3084-529x705.jpg 529w, https:\/\/zugowski.de\/wp-content\/uploads\/2020\/05\/03_IMG_3084-450x600.jpg 450w, https:\/\/zugowski.de\/wp-content\/uploads\/2020\/05\/03_IMG_3084.jpg 1512w\" sizes=\"auto, (max-width: 773px) 100vw, 773px\" \/><\/div><div class=\"av-horizontal-gallery-wrap noHover\"><img loading=\"lazy\" decoding=\"async\" class='wp-image-123 avia-img-lazy-loading-123 av-horizontal-gallery-img' width=\"773\" height=\"1030\" src=\"https:\/\/zugowski.de\/wp-content\/uploads\/2020\/05\/09_IMG_3618-773x1030.jpg\" title='09_IMG_3618' alt='' srcset=\"https:\/\/zugowski.de\/wp-content\/uploads\/2020\/05\/09_IMG_3618-773x1030.jpg 773w, https:\/\/zugowski.de\/wp-content\/uploads\/2020\/05\/09_IMG_3618-225x300.jpg 225w, https:\/\/zugowski.de\/wp-content\/uploads\/2020\/05\/09_IMG_3618-768x1024.jpg 768w, https:\/\/zugowski.de\/wp-content\/uploads\/2020\/05\/09_IMG_3618-1152x1536.jpg 1152w, https:\/\/zugowski.de\/wp-content\/uploads\/2020\/05\/09_IMG_3618-1125x1500.jpg 1125w, https:\/\/zugowski.de\/wp-content\/uploads\/2020\/05\/09_IMG_3618-529x705.jpg 529w, https:\/\/zugowski.de\/wp-content\/uploads\/2020\/05\/09_IMG_3618-450x600.jpg 450w, https:\/\/zugowski.de\/wp-content\/uploads\/2020\/05\/09_IMG_3618.jpg 1512w\" sizes=\"auto, (max-width: 773px) 100vw, 773px\" \/><\/div><div class=\"av-horizontal-gallery-wrap noHover\"><img loading=\"lazy\" decoding=\"async\" class='wp-image-143 avia-img-lazy-loading-143 av-horizontal-gallery-img' width=\"773\" height=\"1030\" src=\"https:\/\/zugowski.de\/wp-content\/uploads\/2020\/05\/120_2036-e1588600880899-773x1030.jpg\" title='120_2036' alt='' srcset=\"https:\/\/zugowski.de\/wp-content\/uploads\/2020\/05\/120_2036-e1588600880899-773x1030.jpg 773w, https:\/\/zugowski.de\/wp-content\/uploads\/2020\/05\/120_2036-e1588600880899-225x300.jpg 225w, https:\/\/zugowski.de\/wp-content\/uploads\/2020\/05\/120_2036-e1588600880899-768x1024.jpg 768w, https:\/\/zugowski.de\/wp-content\/uploads\/2020\/05\/120_2036-e1588600880899-1152x1536.jpg 1152w, https:\/\/zugowski.de\/wp-content\/uploads\/2020\/05\/120_2036-e1588600880899-1125x1500.jpg 1125w, https:\/\/zugowski.de\/wp-content\/uploads\/2020\/05\/120_2036-e1588600880899-529x705.jpg 529w, https:\/\/zugowski.de\/wp-content\/uploads\/2020\/05\/120_2036-e1588600880899-450x600.jpg 450w, https:\/\/zugowski.de\/wp-content\/uploads\/2020\/05\/120_2036-e1588600880899.jpg 1200w\" sizes=\"auto, (max-width: 773px) 100vw, 773px\" \/><\/div><div class=\"av-horizontal-gallery-wrap noHover\"><img loading=\"lazy\" decoding=\"async\" class='wp-image-133 avia-img-lazy-loading-133 av-horizontal-gallery-img' width=\"773\" height=\"1030\" src=\"https:\/\/zugowski.de\/wp-content\/uploads\/2020\/05\/120_2049-e1588600939741-773x1030.jpg\" title='120_2049' alt='' srcset=\"https:\/\/zugowski.de\/wp-content\/uploads\/2020\/05\/120_2049-e1588600939741-773x1030.jpg 773w, https:\/\/zugowski.de\/wp-content\/uploads\/2020\/05\/120_2049-e1588600939741-225x300.jpg 225w, https:\/\/zugowski.de\/wp-content\/uploads\/2020\/05\/120_2049-e1588600939741-768x1024.jpg 768w, https:\/\/zugowski.de\/wp-content\/uploads\/2020\/05\/120_2049-e1588600939741-1152x1536.jpg 1152w, https:\/\/zugowski.de\/wp-content\/uploads\/2020\/05\/120_2049-e1588600939741-1125x1500.jpg 1125w, https:\/\/zugowski.de\/wp-content\/uploads\/2020\/05\/120_2049-e1588600939741-529x705.jpg 529w, https:\/\/zugowski.de\/wp-content\/uploads\/2020\/05\/120_2049-e1588600939741-450x600.jpg 450w, https:\/\/zugowski.de\/wp-content\/uploads\/2020\/05\/120_2049-e1588600939741.jpg 1200w\" sizes=\"auto, (max-width: 773px) 100vw, 773px\" \/><\/div><div class=\"av-horizontal-gallery-wrap noHover\"><img loading=\"lazy\" decoding=\"async\" class='wp-image-124 avia-img-lazy-loading-124 av-horizontal-gallery-img' width=\"1030\" height=\"773\" src=\"https:\/\/zugowski.de\/wp-content\/uploads\/2020\/05\/05_IMG_3112-1030x773.jpg\" title='05_IMG_3112' alt='' srcset=\"https:\/\/zugowski.de\/wp-content\/uploads\/2020\/05\/05_IMG_3112-1030x773.jpg 1030w, https:\/\/zugowski.de\/wp-content\/uploads\/2020\/05\/05_IMG_3112-300x225.jpg 300w, https:\/\/zugowski.de\/wp-content\/uploads\/2020\/05\/05_IMG_3112-768x576.jpg 768w, https:\/\/zugowski.de\/wp-content\/uploads\/2020\/05\/05_IMG_3112-1536x1152.jpg 1536w, https:\/\/zugowski.de\/wp-content\/uploads\/2020\/05\/05_IMG_3112-1500x1125.jpg 1500w, https:\/\/zugowski.de\/wp-content\/uploads\/2020\/05\/05_IMG_3112-705x529.jpg 705w, https:\/\/zugowski.de\/wp-content\/uploads\/2020\/05\/05_IMG_3112-450x338.jpg 450w, https:\/\/zugowski.de\/wp-content\/uploads\/2020\/05\/05_IMG_3112.jpg 2016w\" sizes=\"auto, (max-width: 1030px) 100vw, 1030px\" \/><\/div><div class=\"av-horizontal-gallery-wrap noHover\"><img loading=\"lazy\" decoding=\"async\" class='wp-image-121 avia-img-lazy-loading-121 av-horizontal-gallery-img' width=\"1030\" height=\"773\" src=\"https:\/\/zugowski.de\/wp-content\/uploads\/2020\/05\/03_IMG_3109-1030x773.jpg\" title='03_IMG_3109' alt='' srcset=\"https:\/\/zugowski.de\/wp-content\/uploads\/2020\/05\/03_IMG_3109-1030x773.jpg 1030w, https:\/\/zugowski.de\/wp-content\/uploads\/2020\/05\/03_IMG_3109-300x225.jpg 300w, https:\/\/zugowski.de\/wp-content\/uploads\/2020\/05\/03_IMG_3109-768x576.jpg 768w, https:\/\/zugowski.de\/wp-content\/uploads\/2020\/05\/03_IMG_3109-1536x1152.jpg 1536w, https:\/\/zugowski.de\/wp-content\/uploads\/2020\/05\/03_IMG_3109-1500x1125.jpg 1500w, https:\/\/zugowski.de\/wp-content\/uploads\/2020\/05\/03_IMG_3109-705x529.jpg 705w, https:\/\/zugowski.de\/wp-content\/uploads\/2020\/05\/03_IMG_3109-450x338.jpg 450w, https:\/\/zugowski.de\/wp-content\/uploads\/2020\/05\/03_IMG_3109.jpg 2016w\" sizes=\"auto, (max-width: 1030px) 100vw, 1030px\" \/><\/div><div class=\"av-horizontal-gallery-wrap noHover\"><img loading=\"lazy\" decoding=\"async\" class='wp-image-122 avia-img-lazy-loading-122 av-horizontal-gallery-img' width=\"773\" height=\"1030\" src=\"https:\/\/zugowski.de\/wp-content\/uploads\/2020\/05\/01_IMG_3107-773x1030.jpg\" title='01_IMG_3107' alt='' srcset=\"https:\/\/zugowski.de\/wp-content\/uploads\/2020\/05\/01_IMG_3107-773x1030.jpg 773w, https:\/\/zugowski.de\/wp-content\/uploads\/2020\/05\/01_IMG_3107-225x300.jpg 225w, https:\/\/zugowski.de\/wp-content\/uploads\/2020\/05\/01_IMG_3107-768x1024.jpg 768w, https:\/\/zugowski.de\/wp-content\/uploads\/2020\/05\/01_IMG_3107-1152x1536.jpg 1152w, https:\/\/zugowski.de\/wp-content\/uploads\/2020\/05\/01_IMG_3107-1125x1500.jpg 1125w, https:\/\/zugowski.de\/wp-content\/uploads\/2020\/05\/01_IMG_3107-529x705.jpg 529w, https:\/\/zugowski.de\/wp-content\/uploads\/2020\/05\/01_IMG_3107-450x600.jpg 450w, https:\/\/zugowski.de\/wp-content\/uploads\/2020\/05\/01_IMG_3107.jpg 1512w\" sizes=\"auto, (max-width: 773px) 100vw, 773px\" \/><\/div><\/div><\/div><\/div>\n<div id='av-layout-grid-1'  class='av-layout-grid-container av-k9tpcx1h-550d05473acd0699d6ae273c5c8b8f6b entry-content-wrapper main_color av-flex-cells  avia-builder-el-1  el_after_av_horizontal_gallery  el_before_av_layout_row  grid-row-not-first  container_wrap fullsize'  >\n\n<style type=\"text\/css\" data-created_by=\"avia_inline_auto\" id=\"style-css-av-k9sujg68-ef15b8b175180615ee51552dd5be1bf3\">\n.flex_cell.av-k9sujg68-ef15b8b175180615ee51552dd5be1bf3{\nvertical-align:middle;\n}\n.responsive #top #wrap_all .flex_cell.av-k9sujg68-ef15b8b175180615ee51552dd5be1bf3{\npadding:30px 30px 30px 30px !important;\n}\n<\/style>\n<div class='flex_cell av-k9sujg68-ef15b8b175180615ee51552dd5be1bf3 av-gridrow-cell av_one_fourth no_margin  avia-builder-el-2  el_before_av_cell_one_half  avia-builder-el-first ' ><div class='flex_cell_inner'><div  class='hr av-k9suh28n-dfd84a748a4fe97d095cd79c4ada9964 hr-default  avia-builder-el-3  avia-builder-el-no-sibling '><span class='hr-inner '><span class=\"hr-inner-style\"><\/span><\/span><\/div>\n<\/div><\/div>\n<style type=\"text\/css\" data-created_by=\"avia_inline_auto\" id=\"style-css-av-k9sujjns-74740682b0ac495fe9b17302b57ed71d\">\n.flex_cell.av-k9sujjns-74740682b0ac495fe9b17302b57ed71d{\nvertical-align:middle;\n}\n.responsive #top #wrap_all .flex_cell.av-k9sujjns-74740682b0ac495fe9b17302b57ed71d{\npadding:30px 30px 30px 30px !important;\n}\n<\/style>\n<div class='flex_cell av-k9sujjns-74740682b0ac495fe9b17302b57ed71d av-gridrow-cell av_one_half no_margin  avia-builder-el-4  el_after_av_cell_one_fourth  el_before_av_cell_one_fourth ' ><div class='flex_cell_inner'>\n<style type=\"text\/css\" data-created_by=\"avia_inline_auto\" id=\"style-css-av-bc7ui-033563bdddb02a29944e5c7e876fb54a\">\n#top .av-special-heading.av-bc7ui-033563bdddb02a29944e5c7e876fb54a{\npadding-bottom:10px;\n}\nbody .av-special-heading.av-bc7ui-033563bdddb02a29944e5c7e876fb54a .av-special-heading-tag .heading-char{\nfont-size:25px;\n}\n.av-special-heading.av-bc7ui-033563bdddb02a29944e5c7e876fb54a .av-subheading{\nfont-size:15px;\n}\n<\/style>\n<div  class='av-special-heading av-bc7ui-033563bdddb02a29944e5c7e876fb54a av-special-heading-h1 blockquote modern-quote modern-centered  avia-builder-el-5  avia-builder-el-no-sibling '><h1 class='av-special-heading-tag'  itemprop=\"headline\"  ><span style=\"color:#00954c\">GLASEREI ZUGOWSKI<\/span> <br \/>DATENSCHUTZ<\/h1><div class=\"special-heading-border\"><div class=\"special-heading-inner-border\"><\/div><\/div><\/div>\n<\/div><\/div>\n<style type=\"text\/css\" data-created_by=\"avia_inline_auto\" id=\"style-css-av-k9sujocg-700547c66f16d891b54dca4729f9011a\">\n.flex_cell.av-k9sujocg-700547c66f16d891b54dca4729f9011a{\nvertical-align:middle;\n}\n.responsive #top #wrap_all .flex_cell.av-k9sujocg-700547c66f16d891b54dca4729f9011a{\npadding:30px 30px 30px 30px !important;\n}\n<\/style>\n<div class='flex_cell av-k9sujocg-700547c66f16d891b54dca4729f9011a av-gridrow-cell av_one_fourth no_margin  avia-builder-el-6  el_after_av_cell_one_half  avia-builder-el-last ' ><div class='flex_cell_inner'><div  class='hr av-k9suh28n-e7b361ab070ae000927bc71db07bf6c6 hr-default  avia-builder-el-7  avia-builder-el-no-sibling '><span class='hr-inner '><span class=\"hr-inner-style\"><\/span><\/span><\/div>\n<\/div><\/div>\n<\/div>\n<div id='av-layout-grid-2'  class='av-layout-grid-container av-5g3x-48228ba75c752de35ac9c96984549bcb entry-content-wrapper main_color av-flex-cells  avia-builder-el-8  el_after_av_layout_row  avia-builder-el-last  grid-row-not-first  container_wrap fullsize'  >\n<div class='flex_cell av-uzv1-21829d7cb15c505621ac883b1646bbd0 av-gridrow-cell av_one_full no_margin  avia-builder-el-9  avia-builder-el-no-sibling ' ><div class='flex_cell_inner'>\n<style type=\"text\/css\" data-created_by=\"avia_inline_auto\" id=\"style-css-av-m6w9f-5ecf761d17976e0eb647b297dc86718b\">\n#top .av_textblock_section.av-m6w9f-5ecf761d17976e0eb647b297dc86718b .avia_textblock{\nfont-size:15px;\ncolor:#000000;\n}\n<\/style>\n<section  class='av_textblock_section av-m6w9f-5ecf761d17976e0eb647b297dc86718b'  itemscope=\"itemscope\" itemtype=\"https:\/\/schema.org\/CreativeWork\" ><div class='avia_textblock av_inherit_color'  itemprop=\"text\" ><p><strong>Datenschutzerkl\u00e4rung<\/strong><\/p>\n<p><strong>Allgemeiner Hinweis und Pflichtinformationen<\/strong><\/p>\n<p><strong>Benennung der verantwortlichen Stelle<\/strong><\/p>\n<p>Die verantwortliche Stelle f\u00fcr die Datenverarbeitung auf dieser Website ist:<\/p>\n<p>Glaserei Kurt Zugowski &amp; Sohn<br \/>\nInhaber J\u00f6rg Zugowski<br \/>\nNeustadt 58<br \/>\n37269 Eschwege<\/p>\n<p>Die verantwortliche Stelle entscheidet allein oder gemeinsam mit anderen \u00fcber die Zwecke und Mittel der Verarbeitung von personenbezogenen Daten (z.B. Namen, Kontaktdaten o. \u00c4.).<\/p>\n<p><strong>Widerruf Ihrer Einwilligung zur Datenverarbeitung<\/strong><\/p>\n<p>Nur mit Ihrer ausdr\u00fccklichen Einwilligung sind einige Vorg\u00e4nge der Datenverarbeitung m\u00f6glich. Ein Widerruf Ihrer bereits erteilten Einwilligung ist jederzeit m\u00f6glich. F\u00fcr den Widerruf gen\u00fcgt eine formlose Mitteilung per E-Mail. Die Rechtm\u00e4\u00dfigkeit der bis zum Widerruf erfolgten Datenverarbeitung bleibt vom Widerruf unber\u00fchrt.<\/p>\n<p><strong>Recht auf Beschwerde bei der zust\u00e4ndigen Aufsichtsbeh\u00f6rde<\/strong><\/p>\n<p>Als Betroffener steht Ihnen im Falle eines datenschutzrechtlichen Versto\u00dfes ein Beschwerderecht bei der zust\u00e4ndigen Aufsichtsbeh\u00f6rde zu. Zust\u00e4ndige Aufsichtsbeh\u00f6rde bez\u00fcglich datenschutzrechtlicher Fragen ist der Landesdatenschutzbeauftragte des Bundeslandes, in dem sich der Sitz unseres Unternehmens befindet. Der folgende Link stellt eine Liste der Datenschutzbeauftragten sowie deren Kontaktdaten bereit: https:\/\/www.bfdi.bund.de\/DE\/Infothek\/Anschriften_Links\/anschriften_links-node.html.<\/p>\n<p><strong>Recht auf Daten\u00fcbertragbarkeit<\/strong><\/p>\n<p>Ihnen steht das Recht zu, Daten, die wir auf Grundlage Ihrer Einwilligung oder in Erf\u00fcllung eines Vertrags automatisiert verarbeiten, an sich oder an Dritte aush\u00e4ndigen zu lassen. Die Bereitstellung erfolgt in einem maschinenlesbaren Format. Sofern Sie die direkte \u00dcbertragung der Daten an einen anderen Verantwortlichen verlangen, erfolgt dies nur, soweit es technisch machbar ist.<\/p>\n<p><strong>Recht auf Auskunft, Berichtigung, Sperrung, L\u00f6schung<\/strong><\/p>\n<p>Sie haben jederzeit im Rahmen der geltenden gesetzlichen Bestimmungen das Recht auf unentgeltliche Auskunft \u00fcber Ihre gespeicherten personenbezogenen Daten, Herkunft der Daten, deren Empf\u00e4nger und den Zweck der Datenverarbeitung und ggf. ein Recht auf Berichtigung, Sperrung oder L\u00f6schung dieser Daten. Diesbez\u00fcglich und auch zu weiteren Fragen zum Thema personenbezogene Daten k\u00f6nnen Sie sich jederzeit \u00fcber die im Impressum aufgef\u00fchrten Kontaktm\u00f6glichkeiten an uns wenden.<\/p>\n<p><strong>SSL- bzw. TLS-Verschl\u00fcsselung<\/strong><\/p>\n<p>Aus Sicherheitsgr\u00fcnden und zum Schutz der \u00dcbertragung vertraulicher Inhalte, die Sie an uns als Seitenbetreiber senden, nutzt unsere Website eine SSL-bzw. TLS-Verschl\u00fcsselung. Damit sind Daten, die Sie \u00fcber diese Website \u00fcbermitteln, f\u00fcr Dritte nicht mitlesbar. Sie erkennen eine verschl\u00fcsselte Verbindung an der \u201ehttps:\/\/\u201c Adresszeile Ihres Browsers und am Schloss-Symbol in der Browserzeile.<\/p>\n<p><strong>Cookies<\/strong><\/p>\n<p>Unsere Website verwendet Cookies. Das sind kleine Textdateien, die Ihr Webbrowser auf Ihrem Endger\u00e4t speichert. Cookies helfen uns dabei, unser Angebot nutzerfreundlicher, effektiver und sicherer zu machen.<\/p>\n<p>Einige Cookies sind \u201cSession-Cookies.\u201d Solche Cookies werden nach Ende Ihrer Browser-Sitzung von selbst gel\u00f6scht. Hingegen bleiben andere Cookies auf Ihrem Endger\u00e4t bestehen, bis Sie diese selbst l\u00f6schen. Solche Cookies helfen uns, Sie bei R\u00fcckkehr auf unserer Website wiederzuerkennen.<\/p>\n<p>Mit einem modernen Webbrowser k\u00f6nnen Sie das Setzen von Cookies \u00fcberwachen, einschr\u00e4nken oder unterbinden. Viele Webbrowser lassen sich so konfigurieren, dass Cookies mit dem Schlie\u00dfen des Programms von selbst gel\u00f6scht werden. Die Deaktivierung von Cookies kann eine eingeschr\u00e4nkte Funktionalit\u00e4t unserer Website zur Folge haben.<\/p>\n<p>Das Setzen von Cookies, die zur Aus\u00fcbung elektronischer Kommunikationsvorg\u00e4nge oder der Bereitstellung bestimmter, von Ihnen erw\u00fcnschter Funktionen (z.B. Warenkorb) notwendig sind, erfolgt auf Grundlage von Art. 6 Abs. 1 lit. f DSGVO. Als Betreiber dieser Website haben wir ein berechtigtes Interesse an der Speicherung von Cookies zur technisch fehlerfreien und reibungslosen Bereitstellung unserer Dienste. Sofern die Setzung anderer Cookies (z.B. f\u00fcr Analyse-Funktionen) erfolgt, werden diese in dieser Datenschutzerkl\u00e4rung separat behandelt.<\/p>\n<p>Quelle: Datenschutz-Konfigurator von mein-datenschutzbeauftragter.de<\/p>\n<\/div><\/section>\n<\/div><\/div><\/div>\n","protected":false},"excerpt":{"rendered":"","protected":false},"author":1,"featured_media":0,"parent":0,"menu_order":0,"comment_status":"closed","ping_status":"closed","template":"","meta":{"footnotes":""},"class_list":["post-818","page","type-page","status-publish","hentry"],"_links":{"self":[{"href":"https:\/\/zugowski.de\/index.php?rest_route=\/wp\/v2\/pages\/818","targetHints":{"allow":["GET"]}}],"collection":[{"href":"https:\/\/zugowski.de\/index.php?rest_route=\/wp\/v2\/pages"}],"about":[{"href":"https:\/\/zugowski.de\/index.php?rest_route=\/wp\/v2\/types\/page"}],"author":[{"embeddable":true,"href":"https:\/\/zugowski.de\/index.php?rest_route=\/wp\/v2\/users\/1"}],"replies":[{"embeddable":true,"href":"https:\/\/zugowski.de\/index.php?rest_route=%2Fwp%2Fv2%2Fcomments&post=818"}],"version-history":[{"count":6,"href":"https:\/\/zugowski.de\/index.php?rest_route=\/wp\/v2\/pages\/818\/revisions"}],"predecessor-version":[{"id":896,"href":"https:\/\/zugowski.de\/index.php?rest_route=\/wp\/v2\/pages\/818\/revisions\/896"}],"wp:attachment":[{"href":"https:\/\/zugowski.de\/index.php?rest_route=%2Fwp%2Fv2%2Fmedia&parent=818"}],"curies":[{"name":"wp","href":"https:\/\/api.w.org\/{rel}","templated":true}]}}