{"id":55,"date":"2020-05-04T13:39:12","date_gmt":"2020-05-04T13:39:12","guid":{"rendered":"http:\/\/zugowski.de\/?page_id=55"},"modified":"2020-06-04T14:25:10","modified_gmt":"2020-06-04T14:25:10","slug":"firmengeschichte","status":"publish","type":"page","link":"https:\/\/zugowski.de\/?page_id=55","title":{"rendered":"FIRMENGESCHICHTE"},"content":{"rendered":"\n<style type=\"text\/css\" data-created_by=\"avia_inline_auto\" id=\"style-css-av-k9snv9f9-148e3376986665aeccc95e7701e48138\">\n.av-horizontal-gallery.av-k9snv9f9-148e3376986665aeccc95e7701e48138 .av-horizontal-gallery-inner{\npadding-bottom:15%;\n}\n<\/style>\n<div  class='av-horizontal-gallery av-k9snv9f9-148e3376986665aeccc95e7701e48138 av-horizontal-gallery-no-gap av-horizontal-gallery--effect  avia-builder-el-0  el_before_av_layout_row  avia-builder-el-first  av-slideshow-ui av-control-hidden av-no-slider-navigation av-hide-nav-arrows av-slideshow-manual av-loop-once av-loop-manual-endless av-horizontal-gallery-1' data-slideshow-data=\"{&quot;animation&quot;:&quot;slide&quot;,&quot;autoplay&quot;:false,&quot;loop_autoplay&quot;:&quot;once&quot;,&quot;interval&quot;:5,&quot;loop_manual&quot;:&quot;manual-endless&quot;,&quot;autoplay_stopper&quot;:false,&quot;noNavigation&quot;:true,&quot;bg_slider&quot;:false,&quot;keep_padding&quot;:&quot;&quot;,&quot;hoverpause&quot;:false,&quot;show_slide_delay&quot;:0}\"  itemprop=\"image\" itemscope=\"itemscope\" itemtype=\"https:\/\/schema.org\/ImageObject\" ><div class='avia-slideshow-arrows avia-slideshow-controls' ><a href='#prev' class='prev-slide av-horizontal-gallery-prev' aria-hidden='true' data-av_icon='\ue87c' data-av_iconfont='entypo-fontello'  tabindex='-1'>Zur\u00fcck<\/a><a href='#next' class='next-slide av-horizontal-gallery-next' aria-hidden='true' data-av_icon='\ue87d' data-av_iconfont='entypo-fontello'  tabindex='-1'>Weiter<\/a><\/div><div class='avia-slideshow-dots avia-slideshow-controls av-horizontal-gallery-dots fade-in'><a href='#1' class='goto-slide active' >1<\/a><a href='#2' class='goto-slide ' >2<\/a><a href='#3' class='goto-slide ' >3<\/a><a href='#4' class='goto-slide ' >4<\/a><a href='#5' class='goto-slide ' >5<\/a><a href='#6' class='goto-slide ' >6<\/a><a href='#7' class='goto-slide ' >7<\/a><\/div><div class='av-horizontal-gallery-inner' data-av-height='15'><div class=\"av-horizontal-gallery-slider\"><div class=\"av-horizontal-gallery-wrap noHover\"><img loading=\"lazy\" decoding=\"async\" class='wp-image-121 avia-img-lazy-loading-121 av-horizontal-gallery-img' width=\"1030\" height=\"773\" src=\"https:\/\/zugowski.de\/wp-content\/uploads\/2020\/05\/03_IMG_3109-1030x773.jpg\" title='03_IMG_3109' alt='' srcset=\"https:\/\/zugowski.de\/wp-content\/uploads\/2020\/05\/03_IMG_3109-1030x773.jpg 1030w, https:\/\/zugowski.de\/wp-content\/uploads\/2020\/05\/03_IMG_3109-300x225.jpg 300w, https:\/\/zugowski.de\/wp-content\/uploads\/2020\/05\/03_IMG_3109-768x576.jpg 768w, https:\/\/zugowski.de\/wp-content\/uploads\/2020\/05\/03_IMG_3109-1536x1152.jpg 1536w, https:\/\/zugowski.de\/wp-content\/uploads\/2020\/05\/03_IMG_3109-1500x1125.jpg 1500w, https:\/\/zugowski.de\/wp-content\/uploads\/2020\/05\/03_IMG_3109-705x529.jpg 705w, https:\/\/zugowski.de\/wp-content\/uploads\/2020\/05\/03_IMG_3109-450x338.jpg 450w, https:\/\/zugowski.de\/wp-content\/uploads\/2020\/05\/03_IMG_3109.jpg 2016w\" sizes=\"auto, (max-width: 1030px) 100vw, 1030px\" \/><\/div><div class=\"av-horizontal-gallery-wrap noHover\"><img loading=\"lazy\" decoding=\"async\" class='wp-image-124 avia-img-lazy-loading-124 av-horizontal-gallery-img' width=\"1030\" height=\"773\" src=\"https:\/\/zugowski.de\/wp-content\/uploads\/2020\/05\/05_IMG_3112-1030x773.jpg\" title='05_IMG_3112' alt='' srcset=\"https:\/\/zugowski.de\/wp-content\/uploads\/2020\/05\/05_IMG_3112-1030x773.jpg 1030w, https:\/\/zugowski.de\/wp-content\/uploads\/2020\/05\/05_IMG_3112-300x225.jpg 300w, https:\/\/zugowski.de\/wp-content\/uploads\/2020\/05\/05_IMG_3112-768x576.jpg 768w, https:\/\/zugowski.de\/wp-content\/uploads\/2020\/05\/05_IMG_3112-1536x1152.jpg 1536w, https:\/\/zugowski.de\/wp-content\/uploads\/2020\/05\/05_IMG_3112-1500x1125.jpg 1500w, https:\/\/zugowski.de\/wp-content\/uploads\/2020\/05\/05_IMG_3112-705x529.jpg 705w, https:\/\/zugowski.de\/wp-content\/uploads\/2020\/05\/05_IMG_3112-450x338.jpg 450w, https:\/\/zugowski.de\/wp-content\/uploads\/2020\/05\/05_IMG_3112.jpg 2016w\" sizes=\"auto, (max-width: 1030px) 100vw, 1030px\" \/><\/div><div class=\"av-horizontal-gallery-wrap noHover\"><img loading=\"lazy\" decoding=\"async\" class='wp-image-122 avia-img-lazy-loading-122 av-horizontal-gallery-img' width=\"773\" height=\"1030\" src=\"https:\/\/zugowski.de\/wp-content\/uploads\/2020\/05\/01_IMG_3107-773x1030.jpg\" title='01_IMG_3107' alt='' srcset=\"https:\/\/zugowski.de\/wp-content\/uploads\/2020\/05\/01_IMG_3107-773x1030.jpg 773w, https:\/\/zugowski.de\/wp-content\/uploads\/2020\/05\/01_IMG_3107-225x300.jpg 225w, https:\/\/zugowski.de\/wp-content\/uploads\/2020\/05\/01_IMG_3107-768x1024.jpg 768w, https:\/\/zugowski.de\/wp-content\/uploads\/2020\/05\/01_IMG_3107-1152x1536.jpg 1152w, https:\/\/zugowski.de\/wp-content\/uploads\/2020\/05\/01_IMG_3107-1125x1500.jpg 1125w, https:\/\/zugowski.de\/wp-content\/uploads\/2020\/05\/01_IMG_3107-529x705.jpg 529w, https:\/\/zugowski.de\/wp-content\/uploads\/2020\/05\/01_IMG_3107-450x600.jpg 450w, https:\/\/zugowski.de\/wp-content\/uploads\/2020\/05\/01_IMG_3107.jpg 1512w\" sizes=\"auto, (max-width: 773px) 100vw, 773px\" \/><\/div><div class=\"av-horizontal-gallery-wrap noHover\"><img loading=\"lazy\" decoding=\"async\" class='wp-image-27 avia-img-lazy-loading-27 av-horizontal-gallery-img' width=\"1019\" height=\"1030\" src=\"https:\/\/zugowski.de\/wp-content\/uploads\/2020\/05\/zugowski_glaserei_eschwege_haus_vorne-1019x1030.jpg\" title='zugowski_glaserei_eschwege_haus_vorne' alt='' srcset=\"https:\/\/zugowski.de\/wp-content\/uploads\/2020\/05\/zugowski_glaserei_eschwege_haus_vorne-1019x1030.jpg 1019w, https:\/\/zugowski.de\/wp-content\/uploads\/2020\/05\/zugowski_glaserei_eschwege_haus_vorne-297x300.jpg 297w, https:\/\/zugowski.de\/wp-content\/uploads\/2020\/05\/zugowski_glaserei_eschwege_haus_vorne-80x80.jpg 80w, https:\/\/zugowski.de\/wp-content\/uploads\/2020\/05\/zugowski_glaserei_eschwege_haus_vorne-768x776.jpg 768w, https:\/\/zugowski.de\/wp-content\/uploads\/2020\/05\/zugowski_glaserei_eschwege_haus_vorne-36x36.jpg 36w, https:\/\/zugowski.de\/wp-content\/uploads\/2020\/05\/zugowski_glaserei_eschwege_haus_vorne-698x705.jpg 698w, https:\/\/zugowski.de\/wp-content\/uploads\/2020\/05\/zugowski_glaserei_eschwege_haus_vorne-120x120.jpg 120w, https:\/\/zugowski.de\/wp-content\/uploads\/2020\/05\/zugowski_glaserei_eschwege_haus_vorne-450x455.jpg 450w, https:\/\/zugowski.de\/wp-content\/uploads\/2020\/05\/zugowski_glaserei_eschwege_haus_vorne.jpg 1045w\" sizes=\"auto, (max-width: 1019px) 100vw, 1019px\" \/><\/div><div class=\"av-horizontal-gallery-wrap noHover\"><img loading=\"lazy\" decoding=\"async\" class='wp-image-136 avia-img-lazy-loading-136 av-horizontal-gallery-img' width=\"773\" height=\"1030\" src=\"https:\/\/zugowski.de\/wp-content\/uploads\/2020\/05\/120_2046-e1588627295336-773x1030.jpg\" title='120_2046' alt='' srcset=\"https:\/\/zugowski.de\/wp-content\/uploads\/2020\/05\/120_2046-e1588627295336-773x1030.jpg 773w, https:\/\/zugowski.de\/wp-content\/uploads\/2020\/05\/120_2046-e1588627295336-225x300.jpg 225w, https:\/\/zugowski.de\/wp-content\/uploads\/2020\/05\/120_2046-e1588627295336-768x1024.jpg 768w, https:\/\/zugowski.de\/wp-content\/uploads\/2020\/05\/120_2046-e1588627295336-1152x1536.jpg 1152w, https:\/\/zugowski.de\/wp-content\/uploads\/2020\/05\/120_2046-e1588627295336-1125x1500.jpg 1125w, https:\/\/zugowski.de\/wp-content\/uploads\/2020\/05\/120_2046-e1588627295336-529x705.jpg 529w, https:\/\/zugowski.de\/wp-content\/uploads\/2020\/05\/120_2046-e1588627295336-450x600.jpg 450w, https:\/\/zugowski.de\/wp-content\/uploads\/2020\/05\/120_2046-e1588627295336.jpg 1200w\" sizes=\"auto, (max-width: 773px) 100vw, 773px\" \/><\/div><div class=\"av-horizontal-gallery-wrap noHover\"><img loading=\"lazy\" decoding=\"async\" class='wp-image-746 avia-img-lazy-loading-746 av-horizontal-gallery-img' width=\"768\" height=\"1024\" src=\"https:\/\/zugowski.de\/wp-content\/uploads\/2020\/05\/Glaserei_Zugowski_Eschwege_Haus.jpg\" title='Neustadt 60' alt='' srcset=\"https:\/\/zugowski.de\/wp-content\/uploads\/2020\/05\/Glaserei_Zugowski_Eschwege_Haus.jpg 768w, https:\/\/zugowski.de\/wp-content\/uploads\/2020\/05\/Glaserei_Zugowski_Eschwege_Haus-225x300.jpg 225w, https:\/\/zugowski.de\/wp-content\/uploads\/2020\/05\/Glaserei_Zugowski_Eschwege_Haus-529x705.jpg 529w, https:\/\/zugowski.de\/wp-content\/uploads\/2020\/05\/Glaserei_Zugowski_Eschwege_Haus-450x600.jpg 450w\" sizes=\"auto, (max-width: 768px) 100vw, 768px\" \/><\/div><div class=\"av-horizontal-gallery-wrap noHover\"><img loading=\"lazy\" decoding=\"async\" class='wp-image-785 avia-img-lazy-loading-785 av-horizontal-gallery-img' width=\"1030\" height=\"692\" src=\"https:\/\/zugowski.de\/wp-content\/uploads\/2020\/05\/25-ja\u0308hriges-Firmenjubil.-1971-1030x692.jpg\" title='25 ja\u0308hriges Firmenjubil. 1971' alt='' srcset=\"https:\/\/zugowski.de\/wp-content\/uploads\/2020\/05\/25-ja\u0308hriges-Firmenjubil.-1971-1030x692.jpg 1030w, https:\/\/zugowski.de\/wp-content\/uploads\/2020\/05\/25-ja\u0308hriges-Firmenjubil.-1971-300x202.jpg 300w, https:\/\/zugowski.de\/wp-content\/uploads\/2020\/05\/25-ja\u0308hriges-Firmenjubil.-1971-768x516.jpg 768w, https:\/\/zugowski.de\/wp-content\/uploads\/2020\/05\/25-ja\u0308hriges-Firmenjubil.-1971-1536x1032.jpg 1536w, https:\/\/zugowski.de\/wp-content\/uploads\/2020\/05\/25-ja\u0308hriges-Firmenjubil.-1971-2048x1377.jpg 2048w, https:\/\/zugowski.de\/wp-content\/uploads\/2020\/05\/25-ja\u0308hriges-Firmenjubil.-1971-1500x1008.jpg 1500w, https:\/\/zugowski.de\/wp-content\/uploads\/2020\/05\/25-ja\u0308hriges-Firmenjubil.-1971-705x474.jpg 705w, https:\/\/zugowski.de\/wp-content\/uploads\/2020\/05\/25-ja\u0308hriges-Firmenjubil.-1971-450x302.jpg 450w\" sizes=\"auto, (max-width: 1030px) 100vw, 1030px\" \/><\/div><\/div><\/div><\/div>\n<div id='av-layout-grid-1'  class='av-layout-grid-container av-pvdb-36d8847f13f2513729209ab6be05265b entry-content-wrapper main_color av-flex-cells  avia-builder-el-1  el_after_av_horizontal_gallery  el_before_av_layout_row  grid-row-not-first  container_wrap fullsize'  >\n\n<style type=\"text\/css\" data-created_by=\"avia_inline_auto\" id=\"style-css-av-k9sujg68-ef15b8b175180615ee51552dd5be1bf3\">\n.flex_cell.av-k9sujg68-ef15b8b175180615ee51552dd5be1bf3{\nvertical-align:middle;\n}\n.responsive #top #wrap_all .flex_cell.av-k9sujg68-ef15b8b175180615ee51552dd5be1bf3{\npadding:30px 30px 30px 30px !important;\n}\n<\/style>\n<div class='flex_cell av-k9sujg68-ef15b8b175180615ee51552dd5be1bf3 av-gridrow-cell av_one_fourth no_margin  avia-builder-el-2  el_before_av_cell_one_half  avia-builder-el-first ' ><div class='flex_cell_inner'><div  class='hr av-k9suh28n-dfd84a748a4fe97d095cd79c4ada9964 hr-default  avia-builder-el-3  avia-builder-el-no-sibling '><span class='hr-inner '><span class=\"hr-inner-style\"><\/span><\/span><\/div>\n<\/div><\/div>\n<style type=\"text\/css\" data-created_by=\"avia_inline_auto\" id=\"style-css-av-k9sujjns-74740682b0ac495fe9b17302b57ed71d\">\n.flex_cell.av-k9sujjns-74740682b0ac495fe9b17302b57ed71d{\nvertical-align:middle;\n}\n.responsive #top #wrap_all .flex_cell.av-k9sujjns-74740682b0ac495fe9b17302b57ed71d{\npadding:30px 30px 30px 30px !important;\n}\n<\/style>\n<div class='flex_cell av-k9sujjns-74740682b0ac495fe9b17302b57ed71d av-gridrow-cell av_one_half no_margin  avia-builder-el-4  el_after_av_cell_one_fourth  el_before_av_cell_one_fourth ' ><div class='flex_cell_inner'>\n<style type=\"text\/css\" data-created_by=\"avia_inline_auto\" id=\"style-css-av-kb0vc5cd-f3da37ae3c2a312f4b206962daf4408d\">\n#top .av-special-heading.av-kb0vc5cd-f3da37ae3c2a312f4b206962daf4408d{\npadding-bottom:10px;\n}\nbody .av-special-heading.av-kb0vc5cd-f3da37ae3c2a312f4b206962daf4408d .av-special-heading-tag .heading-char{\nfont-size:25px;\n}\n.av-special-heading.av-kb0vc5cd-f3da37ae3c2a312f4b206962daf4408d .av-subheading{\nfont-size:32px;\n}\n<\/style>\n<div  class='av-special-heading av-kb0vc5cd-f3da37ae3c2a312f4b206962daf4408d av-special-heading-h1 blockquote modern-quote modern-centered  avia-builder-el-5  avia-builder-el-no-sibling '><h1 class='av-special-heading-tag'  itemprop=\"headline\"  ><span style=\"color:#00954c\">GLASEREI ZUGOWSKI<\/span><br \/>FIRMENGESCHICHTE<\/h1><div class=\"special-heading-border\"><div class=\"special-heading-inner-border\"><\/div><\/div><\/div>\n<\/div><\/div>\n<style type=\"text\/css\" data-created_by=\"avia_inline_auto\" id=\"style-css-av-k9sujocg-700547c66f16d891b54dca4729f9011a\">\n.flex_cell.av-k9sujocg-700547c66f16d891b54dca4729f9011a{\nvertical-align:middle;\n}\n.responsive #top #wrap_all .flex_cell.av-k9sujocg-700547c66f16d891b54dca4729f9011a{\npadding:30px 30px 30px 30px !important;\n}\n<\/style>\n<div class='flex_cell av-k9sujocg-700547c66f16d891b54dca4729f9011a av-gridrow-cell av_one_fourth no_margin  avia-builder-el-6  el_after_av_cell_one_half  avia-builder-el-last ' ><div class='flex_cell_inner'><div  class='hr av-k9suh28n-e7b361ab070ae000927bc71db07bf6c6 hr-default  avia-builder-el-7  avia-builder-el-no-sibling '><span class='hr-inner '><span class=\"hr-inner-style\"><\/span><\/span><\/div>\n<\/div><\/div><\/div><div id='av-layout-grid-2'  class='av-layout-grid-container av-3tbbv-1be75111465fa8fc800f32c3d0b21d5a entry-content-wrapper main_color av-flex-cells  avia-builder-el-8  el_after_av_layout_row  avia-builder-el-last  grid-row-not-first  container_wrap fullsize'  >\n<div class='flex_cell av-3ejrr-f79443a9ad80dd5ed5e8f13f10d6702e av-gridrow-cell av_one_half no_margin  avia-builder-el-9  el_before_av_cell_one_half  avia-builder-el-first ' ><div class='flex_cell_inner'>\n<style type=\"text\/css\" data-created_by=\"avia_inline_auto\" id=\"style-css-av-k9shjv46-825250b93943c8af7e2ad56293a05648\">\n#top .av_textblock_section.av-k9shjv46-825250b93943c8af7e2ad56293a05648 .avia_textblock{\nfont-size:15px;\ncolor:#000000;\n}\n<\/style>\n<section  class='av_textblock_section av-k9shjv46-825250b93943c8af7e2ad56293a05648'  itemscope=\"itemscope\" itemtype=\"https:\/\/schema.org\/CreativeWork\" ><div class='avia_textblock av_inherit_color'  itemprop=\"text\" ><p style=\"text-align: left;\">Der Gr\u00fcnder Kurt Zugowski entstammte einer alten Handwerkerfamilie aus Naumburg an der Saale. Er erlernte nach einem achtj\u00e4hrigen Besuch einer katholischen Volksschule in seiner Heimatstadt das Glaser- und Bildereinrahmer \u2013 Handwerk. Im Herbst 1925 legte er vor der Handwerkskammer in Halle seine Gesellenpr\u00fcfung ab und begab sich anschlie\u00dfend f\u00fcnf Jahre lang auf Wanderschaft, die ihn nach damaliger Handwerkersitte quer durch Deutschland f\u00fchrte. So machte er sich mit den unz\u00e4hligen Verschiedenheiten seines Handwerks vertraut.<br \/>\n1928 kam er nach Eschwege und heiratete dort 1932. Zwei S\u00f6hne und eine Tochter gingen aus der Ehe mit seiner Frau Minna hervor.<\/p>\n<p style=\"text-align: left;\">Im Krieg wurde er als Funker einer Panzernachrichteneinheit eingesetzt. Nach seiner Entlassung aus russischer Gefangenschaft wurden zumeist f\u00fcr die US \u2013 Armee Glasschadenbeseitigungsauftr\u00e4ge durchgef\u00fchrt.<\/p>\n<p style=\"text-align: left;\">Bis in die Mitte der 50er Jahre arbeitete das Unternehmen f\u00fcr zahlreiche \u00f6ffentliche und private Auftraggeber. Viele in der Zeit des Aufschwungs, &#8211; des sogenannten \u201eWirtschaftswunders\u201c &#8211; errichteten Betriebe im Werra \u2013 Mei\u00dfner \u2013 Kreis wurden Kunden der Glaserei Zugowski .<\/p>\n<p style=\"text-align: left;\">Dar\u00fcber hinaus errichtete das Unternehmen in Eschwege, Melsungen und Rotenburg in insgesamt zw\u00f6lf Gottesh\u00e4usern die zerst\u00f6rten kunstverglasten Bleifenster wieder her. Ebenso eine ganze Reihe von Schaufenster \u2013 Gro\u00dfanlagen.<\/p>\n<p style=\"text-align: left;\">Um der st\u00e4ndig wachsenden Zahl an Auftr\u00e4gen Herr zu werden, wurden zeitweise bis zu acht Mitarbeiter angestellt, die infolge des damaligen Berufskr\u00e4ftemangels vom Seniorchef eigens zu Berufshilfskr\u00e4ften umgeschult wurden.<\/p>\n<p style=\"text-align: left;\">Mit gro\u00dfer Liebe und Engagement zum ausge\u00fcbten Beruf brachte Kurt Zugowski sen., immer unterst\u00fctzt von seiner Frau Minna, das Unternehmen stetig nach vorn.<\/p>\n<p style=\"text-align: left;\">Der damalige Juniorchef der Firma, bereits als Schuljunge bei den Montagearbeiten an der Seite des Vaters, erlernte den Glaser- und Einrahmerberuf in Bad Wildungen und Kassel. Nach f\u00fcnfj\u00e4hriger Gesellent\u00e4tigkeit im v\u00e4terlichen Betrieb gliederte er 1964 der Glaserei und dem Bilderfachgesch\u00e4ft eine Kunsthandlung an und trat als Mitinhaber in die Firma ein.<\/p>\n<p style=\"text-align: left;\">Nach dem Tod des Gr\u00fcnders im Mai 1975 \u00fcbernahm sein Sohn gemeinsam mit seiner Ehefrau Elke den Betrieb. Neben zahlreichen Neubauten hat auch Kurt Zugowski jun. f\u00fcr die Instandhaltung und Erneuerung von Kirchen in Nordhessen gesorgt.<\/p>\n<p style=\"text-align: left;\">Der 1965 geborene \u00e4lteste Sohn J\u00f6rg, der den traditionsreichen Beruf in Rotenburg \/ Fulda erlernte, trat 1983 in dritter Generation in das Unternehmen ein. Er wurde \u00fcber zwei Jahrzehnte zur wesentlichen St\u00fctze seines r\u00fchrigen und l\u00e4ngere Zeit erkrankten Vaters. Bei dessen Tod im Jahre 2003 trat er die Weiterf\u00fchrung des Unternehmens an. W\u00e4hrend seiner 2000 geschlossenen Ehe mit seiner Frau Heike wurde 2001 Tochter Emma geboren.<\/p>\n<p style=\"text-align: left;\">Heutzutage bestehen die Hauptaufgaben des Betriebes aus Reparaturverglasungen und Bildereinrahmungen verschiedenster Ausf\u00fchrungen, sei es modern oder antik, wobei Mutter Elke die Kunden des Bilderfachgesch\u00e4ftes mit Rat und Tat aus ihrer langj\u00e4hrigen Erfahrung betreut.<\/p>\n<p style=\"text-align: left;\">So ger\u00fcstet kann die Glaserei Kurt Zugowski &#038; Sohn als Neust\u00e4dter Bilderwerkstatt ihrem 60-j\u00e4hrigem Firmenjubil\u00e4um im August 2006 entgegensehen.<\/p>\n<\/div><\/section>\n<\/div><\/div><div class='flex_cell av-35ur-eb1a9ee941c97202bd039f8aab18a741 av-gridrow-cell av_one_half no_margin  avia-builder-el-11  el_after_av_cell_one_half  avia-builder-el-last ' ><div class='flex_cell_inner'>\n<style type=\"text\/css\" data-created_by=\"avia_inline_auto\" id=\"style-css-av-k9shtgqu-0582f7d0930bfa7c318b41f63774dedc\">\n.avia-timeline-container.av-k9shtgqu-0582f7d0930bfa7c318b41f63774dedc .av-milestone-date{\ncolor:#000000;\n}\n.avia-timeline-container.av-k9shtgqu-0582f7d0930bfa7c318b41f63774dedc .av-milestone-title{\ncolor:#000000;\n}\n.avia-timeline-container.av-k9shtgqu-0582f7d0930bfa7c318b41f63774dedc .av-milestone-content{\nfont-size:15px;\ncolor:#000000;\n}\n.avia-timeline-container.av-k9shtgqu-0582f7d0930bfa7c318b41f63774dedc .av-milestone-icon-inner{\nbackground-color:#00954c;\n}\n.avia-timeline-container.av-k9shtgqu-0582f7d0930bfa7c318b41f63774dedc .av-milestone-indicator{\nbackground-color:#00954c;\n}\n.avia-timeline-container.av-k9shtgqu-0582f7d0930bfa7c318b41f63774dedc .av-milestone-article-footer{\nbackground-color:#00954c;\n}\n<\/style>\n\n<style type=\"text\/css\" data-created_by=\"avia_inline_auto\" id=\"style-css-sub-av-k9shtgqu-0582f7d0930bfa7c318b41f63774dedc\">\n.avia-timeline-container .av-milestone.av-2ig4z-ac36e2afe3634c86f0c186a8384a8148 .av-milestone-icon-inner{\nbackground-image:url(https:\/\/zugowski.de\/wp-content\/uploads\/2020\/05\/Gru\u0308ndung-1946-295x300.jpg);\n}\n.avia-timeline-container .av-milestone.av-2dgw7-62a8c782f78b0c34c69f8ea44f3be06e .av-milestone-icon-inner{\nbackground-image:url(https:\/\/zugowski.de\/wp-content\/uploads\/2020\/05\/1-Werkstatt-Anbau-1962-300x293.jpg);\n}\n.avia-timeline-container .av-milestone.av-sdnb-d8014c9cd64a79630d0f6b2052c5e818 .av-milestone-icon-inner{\nbackground-image:url(https:\/\/zugowski.de\/wp-content\/uploads\/2020\/05\/25-ja\u0308hriges-Firmenjubil.-1971-300x202.jpg);\n}\n.avia-timeline-container .av-milestone.av-v5sv-068facdb8cbbbe6a8ef9c512d2bc95f4 .av-milestone-icon-inner{\nbackground-image:url(https:\/\/zugowski.de\/wp-content\/uploads\/2020\/06\/2003-495x400.jpg);\n}\n<\/style>\n<div  id=\"avia-timeline-1\"  class='avia-timeline-container av-k9shtgqu-0582f7d0930bfa7c318b41f63774dedc av-slideshow-ui  avia-builder-el-12  avia-builder-el-no-sibling ' ><ul class='avia-timeline avia-timeline-vertical av-milestone-placement-left avia-timeline- avia_animate_when_almost_visible avia-timeline-animate'>\n<li  class='av-milestone av-2ig4z-ac36e2afe3634c86f0c186a8384a8148 av-animated-generic fade-in av-milestone-valign-baseline av-milestone-odd'><h2 class='av-milestone-date ' id='milestone-1946'><strong>1946<span class='av-milestone-indicator'><\/span><\/strong><\/h2><div class=\"av-milestone-icon-wrap\"><span class='av-milestone-icon milestone_icon milestone-icon-hasborder'><span class='av-milestone-icon-inner milestone_inner'>&nbsp;<\/span><\/span><\/div><article class='av-milestone-content-wrap'><div class='av-milestone-contentbox'><header class=\"entry-content-header\"><h4 class='av-milestone-title '>GR\u00dcNDUNG<\/h4><\/header><div class='av-milestone-content'><p>Gr\u00fcndung durch Kurt Zugowski sen. in Eschwege, Neustadt 58<\/p>\n<\/div><\/div><footer class='av-milestone-article-footer entry-footer'><\/footer><\/article><\/li>\n<li  class='av-milestone av-2dgw7-62a8c782f78b0c34c69f8ea44f3be06e av-animated-generic fade-in av-milestone-valign-baseline av-milestone-even'><h2 class='av-milestone-date ' id='milestone-1962'><strong>1962<span class='av-milestone-indicator'><\/span><\/strong><\/h2><div class=\"av-milestone-icon-wrap\"><span class='av-milestone-icon milestone_icon milestone-icon-hasborder'><span class='av-milestone-icon-inner milestone_inner'>&nbsp;<\/span><\/span><\/div><article class='av-milestone-content-wrap'><div class='av-milestone-contentbox'><header class=\"entry-content-header\"><h4 class='av-milestone-title '>WERKSTATT ANBAU<\/h4><\/header><div class='av-milestone-content'><p>Werkstatt-Anbau sowie Ladener\u00f6ffung<\/p>\n<\/div><\/div><footer class='av-milestone-article-footer entry-footer'><\/footer><\/article><\/li>\n<li  class='av-milestone av-sdnb-d8014c9cd64a79630d0f6b2052c5e818 av-animated-generic fade-in av-milestone-valign-baseline av-milestone-odd'><h2 class='av-milestone-date ' id='milestone-1964'><strong>1964<span class='av-milestone-indicator'><\/span><\/strong><\/h2><div class=\"av-milestone-icon-wrap\"><span class='av-milestone-icon milestone_icon milestone-icon-hasborder'><span class='av-milestone-icon-inner milestone_inner'>&nbsp;<\/span><\/span><\/div><article class='av-milestone-content-wrap'><div class='av-milestone-contentbox'><header class=\"entry-content-header\"><h4 class='av-milestone-title '>25 J\u00c4HRIGES FIRMENJUBIL\u00c4UM<\/h4><\/header><div class='av-milestone-content'><p>Er\u00f6ffnung der Kunsthandlung und Eintritt Kurt Zugowski jun. in das Unternehmen.<\/p>\n<\/div><\/div><footer class='av-milestone-article-footer entry-footer'><\/footer><\/article><\/li>\n<li  class='av-milestone av-v5sv-068facdb8cbbbe6a8ef9c512d2bc95f4 av-animated-generic fade-in av-milestone-valign-baseline av-milestone-even'><h2 class='av-milestone-date ' id='milestone-2003'><strong>2003<span class='av-milestone-indicator'><\/span><\/strong><\/h2><div class=\"av-milestone-icon-wrap\"><span class='av-milestone-icon milestone_icon milestone-icon-hasborder'><span class='av-milestone-icon-inner milestone_inner'>&nbsp;<\/span><\/span><\/div><article class='av-milestone-content-wrap'><div class='av-milestone-contentbox'><header class=\"entry-content-header\"><h4 class='av-milestone-title '>J\u00d6RG ZUGOWSKI WIRD INHABER<\/h4><\/header><div class='av-milestone-content'><p>J\u00f6rg Zugowski wird Inhaber der Glaserei und Bildereinrahmung in 3.Generation<\/p>\n<\/div><\/div><footer class='av-milestone-article-footer entry-footer'><\/footer><\/article><\/li>\n<\/ul><\/div>\n<\/div><\/div>\n<\/div><\/p>\n","protected":false},"excerpt":{"rendered":"","protected":false},"author":1,"featured_media":0,"parent":0,"menu_order":0,"comment_status":"closed","ping_status":"closed","template":"","meta":{"footnotes":""},"class_list":["post-55","page","type-page","status-publish","hentry"],"_links":{"self":[{"href":"https:\/\/zugowski.de\/index.php?rest_route=\/wp\/v2\/pages\/55","targetHints":{"allow":["GET"]}}],"collection":[{"href":"https:\/\/zugowski.de\/index.php?rest_route=\/wp\/v2\/pages"}],"about":[{"href":"https:\/\/zugowski.de\/index.php?rest_route=\/wp\/v2\/types\/page"}],"author":[{"embeddable":true,"href":"https:\/\/zugowski.de\/index.php?rest_route=\/wp\/v2\/users\/1"}],"replies":[{"embeddable":true,"href":"https:\/\/zugowski.de\/index.php?rest_route=%2Fwp%2Fv2%2Fcomments&post=55"}],"version-history":[{"count":38,"href":"https:\/\/zugowski.de\/index.php?rest_route=\/wp\/v2\/pages\/55\/revisions"}],"predecessor-version":[{"id":886,"href":"https:\/\/zugowski.de\/index.php?rest_route=\/wp\/v2\/pages\/55\/revisions\/886"}],"wp:attachment":[{"href":"https:\/\/zugowski.de\/index.php?rest_route=%2Fwp%2Fv2%2Fmedia&parent=55"}],"curies":[{"name":"wp","href":"https:\/\/api.w.org\/{rel}","templated":true}]}}